{"id":217,"date":"2020-07-09T13:14:28","date_gmt":"2020-07-09T12:14:28","guid":{"rendered":"http:\/\/pminterim.de\/?page_id=217"},"modified":"2020-11-03T16:57:41","modified_gmt":"2020-11-03T14:57:41","slug":"under-construction","status":"publish","type":"page","link":"https:\/\/pminterim.de\/","title":{"rendered":"Erfolg hat eine Basis: MACHEN."},"content":{"rendered":"<div class=\"post-content\">\n<div class=\"wp-block-columns is-layout-flex wp-container-core-columns-is-layout-9d6595d7 wp-block-columns-is-layout-flex\">\n<div class=\"wp-block-column is-vertically-aligned-center is-layout-flow wp-block-column-is-layout-flow\" style=\"flex-basis:65%\"><style>.wp-block-kadence-advancedheading.kt-adv-heading_fe49b4-81, .wp-block-kadence-advancedheading.kt-adv-heading_fe49b4-81[data-kb-block=\"kb-adv-heading_fe49b4-81\"]{font-size:19px;font-style:normal;}.wp-block-kadence-advancedheading.kt-adv-heading_fe49b4-81 mark.kt-highlight, .wp-block-kadence-advancedheading.kt-adv-heading_fe49b4-81[data-kb-block=\"kb-adv-heading_fe49b4-81\"] mark.kt-highlight{font-style:normal;color:#f76a0c;-webkit-box-decoration-break:clone;box-decoration-break:clone;padding-top:0px;padding-right:0px;padding-bottom:0px;padding-left:0px;}.wp-block-kadence-advancedheading.kt-adv-heading_fe49b4-81 img.kb-inline-image, .wp-block-kadence-advancedheading.kt-adv-heading_fe49b4-81[data-kb-block=\"kb-adv-heading_fe49b4-81\"] img.kb-inline-image{width:150px;vertical-align:baseline;}<\/style>\n<h4 id=\"kt-adv-heading_fe49b4-81\" class=\"kt-adv-heading_fe49b4-81 wp-block-kadence-advancedheading\">Mehr als 20 Jahre Erfahrung<\/h4>\n\n\n<p class=\"fonts-plugin-block \" style=\"font-family: Red Hat Text !important;font-size: 17px !important;line-height: 1.5 !important;color: #656565 !important\">Ich habe zahlreiche Unternehmen bei ihrer Optimierung und Weiterentwicklung erfolgreich begleitet.\u00a0Vom Konzept bis hin zur Umsetzung im Alltag. Zun\u00e4chst in der Managementberatung, dann in gesch\u00e4ftsf\u00fchrenden\u00a0Positionen. Heute unterst\u00fctze ich als Interim Executive meine Mandanten dabei, notwendige Ver\u00e4nderungen in ihrem Denken und Handeln zu verankern und erfolgreich die Zukunft zu gestalten.<\/p>\n\n<style>.wp-block-kadence-advancedheading.kt-adv-heading_4e28d7-35, .wp-block-kadence-advancedheading.kt-adv-heading_4e28d7-35[data-kb-block=\"kb-adv-heading_4e28d7-35\"]{font-size:19px;font-style:normal;}.wp-block-kadence-advancedheading.kt-adv-heading_4e28d7-35 mark.kt-highlight, .wp-block-kadence-advancedheading.kt-adv-heading_4e28d7-35[data-kb-block=\"kb-adv-heading_4e28d7-35\"] mark.kt-highlight{font-style:normal;color:#f76a0c;-webkit-box-decoration-break:clone;box-decoration-break:clone;padding-top:0px;padding-right:0px;padding-bottom:0px;padding-left:0px;}.wp-block-kadence-advancedheading.kt-adv-heading_4e28d7-35 img.kb-inline-image, .wp-block-kadence-advancedheading.kt-adv-heading_4e28d7-35[data-kb-block=\"kb-adv-heading_4e28d7-35\"] img.kb-inline-image{width:150px;vertical-align:baseline;}<\/style>\n<h4 id=\"kt-adv-heading_4e28d7-35\" class=\"kt-adv-heading_4e28d7-35 wp-block-kadence-advancedheading\"><br>General Manager mit Wurzeln in den Finanzen<\/h4>\n\n\n<p class=\"fonts-plugin-block \" style=\"font-size: 17px !important;line-height: 1.5 !important;color: #656565 !important\">Sicherheit entlang der gesamten Value Chain basierend auf kaufm\u00e4nnischer Expertise: gerade wenn es darauf ankommt, ist mein Blick aufs Ganze mit meinem Verst\u00e4ndnis f\u00fcrs Detail ein entscheidender Erfolgsfaktor f\u00fcr Sie. In komplexen <strong><a href=\"https:\/\/pminterim.de\/?page_id=1017\">Projekten<\/a><\/strong> und herausfordernden <strong><a href=\"https:\/\/pminterim.de\/?page_id=1041(\u00f6ffnet in neuem Tab)\">Situationen<\/a><\/strong> kann dies den Unterschied zwischen Erfolg und Misserfolg ausmachen.<\/p><\/div>\n\n\n\n<div class=\"wp-block-column is-vertically-aligned-bottom is-layout-flow wp-block-column-is-layout-flow\">\n<div class=\"wp-block-image\"><figure class=\"alignright size-large is-resized\"><img loading=\"lazy\" decoding=\"async\" src=\"https:\/\/pminterim.de\/wp-content\/uploads\/2020\/07\/Profilbild-III-PM_SW.jpeg\" alt=\"\" class=\"wp-image-289\" width=\"328\" height=\"343\" srcset=\"https:\/\/pminterim.de\/wp-content\/uploads\/2020\/07\/Profilbild-III-PM_SW.jpeg 664w, https:\/\/pminterim.de\/wp-content\/uploads\/2020\/07\/Profilbild-III-PM_SW-286x300.jpeg 286w\" sizes=\"auto, (max-width: 328px) 100vw, 328px\" \/><\/figure><\/div>\n\n\n\n<p class=\"has-text-align-center\"><a href=\"https:\/\/pminterim.de\/wp-content\/uploads\/2020\/10\/PMinterim-GmbH.vcf\">download vCard<\/a><\/p>\n<\/div>\n<\/div>\n\n\n<style>.wp-block-kadence-advancedheading.kt-adv-heading_d4b95c-f5, .wp-block-kadence-advancedheading.kt-adv-heading_d4b95c-f5[data-kb-block=\"kb-adv-heading_d4b95c-f5\"]{font-size:19px;font-style:normal;}.wp-block-kadence-advancedheading.kt-adv-heading_d4b95c-f5 mark.kt-highlight, .wp-block-kadence-advancedheading.kt-adv-heading_d4b95c-f5[data-kb-block=\"kb-adv-heading_d4b95c-f5\"] mark.kt-highlight{font-style:normal;color:#f76a0c;-webkit-box-decoration-break:clone;box-decoration-break:clone;padding-top:0px;padding-right:0px;padding-bottom:0px;padding-left:0px;}.wp-block-kadence-advancedheading.kt-adv-heading_d4b95c-f5 img.kb-inline-image, .wp-block-kadence-advancedheading.kt-adv-heading_d4b95c-f5[data-kb-block=\"kb-adv-heading_d4b95c-f5\"] img.kb-inline-image{width:150px;vertical-align:baseline;}<\/style>\n<h4 id=\"kt-adv-heading_d4b95c-f5\" class=\"kt-adv-heading_d4b95c-f5 wp-block-kadence-advancedheading\">Evolutionsstufen, Eigent\u00fcmerstrukturen und Situationen<\/h4>\n\n\n<p class=\"fonts-plugin-block \" style=\"font-size: 17px !important;line-height: 1.5 !important;color: #656565 !important\">Ob digitales Start-Up oder ein seit mehr als 90 Jahren im Markt etabliertes Maschinenbauunternehmen: ich habe mit Unternehmen unterschiedlicher Entwicklungsstadien erfolgreich L\u00f6sungen f\u00fcr Ihre Herausforderungen gefunden. Sei es durch die Etablierung professioneller Prozesse und Strukturen oder durch das \u00dcberwindung von Krisensituationen durch ganzheitliche Anpassung des Gesch\u00e4fts- und Betriebsmodells. <\/p>\n\n<p class=\"fonts-plugin-block \" style=\"font-size: 17px !important;line-height: 1.5 !important;color: #656565 !important\">Ich bewege mich sicher in verschiedenen Share- und Stakeholderstrukturen und kenne deren Erwartungshaltungen \u2013 auch in &#8218;distressed&#8216; Situationen, wenn g\u00e4nzlich andere, neue Anforderungen an Ihre Kommunikation und Ihr Handeln gestellt werden. Meine umfassenden praktischen Erfahrungen werden durch meine Ausbildung erg\u00e4nzt und laufend auf dem aktuellen Stand gehalten. Ich stelle Ihnen genau die <strong><a href=\"https:\/\/pminterim.de\/?page_id=1144\">Erfahrungen und Kenntnisse<\/a><\/strong> zur Verf\u00fcgung, derer Sie bed\u00fcrfen und kann mit meinem Netzwerk, alle f\u00fcr Sie relevanten Themen abdecken.<\/p>\n\n\n<div class=\"wp-block-columns is-layout-flex wp-container-core-columns-is-layout-9d6595d7 wp-block-columns-is-layout-flex\">\n<div class=\"wp-block-column is-layout-flow wp-block-column-is-layout-flow\" style=\"flex-basis:10%\">\n<div class=\"wp-block-image is-style-default\"><figure class=\"alignleft size-large is-resized\"><img loading=\"lazy\" decoding=\"async\" src=\"https:\/\/pminterim.de\/wp-content\/uploads\/2020\/08\/Logo-IfUS-1.png\" alt=\"\" class=\"wp-image-793\" width=\"142\" height=\"139\"\/><\/figure><\/div>\n<\/div>\n\n\n\n<div class=\"wp-block-column is-layout-flow wp-block-column-is-layout-flow\" style=\"flex-basis:61.4%\"><p class=\"fonts-plugin-block \" style=\"font-size: 17px !important;line-height: 1.5 !important\">Zertifizierter Restrukturierungs- und Sanierungsberater (<a rel=\"noreferrer noopener\" href=\"https:\/\/www.ifus-institut.de\" target=\"_blank\">IFUS-Institut<\/a>)<\/p><\/div>\n<\/div>\n<\/div>","protected":false},"excerpt":{"rendered":"<p>Mehr als 20 Jahre Erfahrung General Manager mit Wurzeln in<a href=\"https:\/\/pminterim.de\/\">Read More<i class=\"fa fa-long-arrow-right\" aria-hidden=\"true\"><\/i><\/a><\/p>\n","protected":false},"author":1,"featured_media":0,"parent":0,"menu_order":0,"comment_status":"closed","ping_status":"closed","template":"","meta":{"footnotes":""},"class_list":["post-217","page","type-page","status-publish","hentry"],"yoast_head":"<!-- This site is optimized with the Yoast SEO plugin v27.4 - https:\/\/yoast.com\/product\/yoast-seo-wordpress\/ -->\n<title>Erfolg hat eine Basis: MACHEN. - PMinterim GmbH<\/title>\n<meta name=\"robots\" content=\"index, follow, max-snippet:-1, max-image-preview:large, max-video-preview:-1\" \/>\n<link rel=\"canonical\" href=\"https:\/\/pminterim.de\/\" \/>\n<meta name=\"twitter:card\" content=\"summary_large_image\" \/>\n<meta name=\"twitter:title\" content=\"Erfolg hat eine Basis: MACHEN. - PMinterim GmbH\" \/>\n<meta name=\"twitter:description\" content=\"Mehr als 20 Jahre Erfahrung General Manager mit Wurzeln inRead More\" \/>\n<meta name=\"twitter:image\" content=\"https:\/\/pminterim.de\/wp-content\/uploads\/2020\/07\/Profilbild-III-PM_SW.jpeg\" \/>\n<script type=\"application\/ld+json\" class=\"yoast-schema-graph\">{\"@context\":\"https:\\\/\\\/schema.org\",\"@graph\":[{\"@type\":\"WebPage\",\"@id\":\"https:\\\/\\\/pminterim.de\\\/\",\"url\":\"https:\\\/\\\/pminterim.de\\\/\",\"name\":\"Erfolg hat eine Basis: MACHEN. - PMinterim GmbH\",\"isPartOf\":{\"@id\":\"https:\\\/\\\/pminterim.de\\\/#website\"},\"primaryImageOfPage\":{\"@id\":\"https:\\\/\\\/pminterim.de\\\/#primaryimage\"},\"image\":{\"@id\":\"https:\\\/\\\/pminterim.de\\\/#primaryimage\"},\"thumbnailUrl\":\"https:\\\/\\\/pminterim.de\\\/wp-content\\\/uploads\\\/2020\\\/07\\\/Profilbild-III-PM_SW.jpeg\",\"datePublished\":\"2020-07-09T12:14:28+00:00\",\"dateModified\":\"2020-11-03T14:57:41+00:00\",\"breadcrumb\":{\"@id\":\"https:\\\/\\\/pminterim.de\\\/#breadcrumb\"},\"inLanguage\":\"de\",\"potentialAction\":[{\"@type\":\"ReadAction\",\"target\":[\"https:\\\/\\\/pminterim.de\\\/\"]}]},{\"@type\":\"ImageObject\",\"inLanguage\":\"de\",\"@id\":\"https:\\\/\\\/pminterim.de\\\/#primaryimage\",\"url\":\"https:\\\/\\\/pminterim.de\\\/wp-content\\\/uploads\\\/2020\\\/07\\\/Profilbild-III-PM_SW.jpeg\",\"contentUrl\":\"https:\\\/\\\/pminterim.de\\\/wp-content\\\/uploads\\\/2020\\\/07\\\/Profilbild-III-PM_SW.jpeg\",\"width\":664,\"height\":696},{\"@type\":\"BreadcrumbList\",\"@id\":\"https:\\\/\\\/pminterim.de\\\/#breadcrumb\",\"itemListElement\":[{\"@type\":\"ListItem\",\"position\":1,\"name\":\"Startseite\",\"item\":\"https:\\\/\\\/pminterim.de\\\/\"},{\"@type\":\"ListItem\",\"position\":2,\"name\":\"Erfolg hat eine Basis: MACHEN.\"}]},{\"@type\":\"WebSite\",\"@id\":\"https:\\\/\\\/pminterim.de\\\/#website\",\"url\":\"https:\\\/\\\/pminterim.de\\\/\",\"name\":\"PMinterim GmbH\",\"description\":\"Interim Management | Transformation | Consulting\",\"publisher\":{\"@id\":\"https:\\\/\\\/pminterim.de\\\/#\\\/schema\\\/person\\\/4e09ce0c5c1806e7b940f88101e14c5b\"},\"potentialAction\":[{\"@type\":\"SearchAction\",\"target\":{\"@type\":\"EntryPoint\",\"urlTemplate\":\"https:\\\/\\\/pminterim.de\\\/?s={search_term_string}\"},\"query-input\":{\"@type\":\"PropertyValueSpecification\",\"valueRequired\":true,\"valueName\":\"search_term_string\"}}],\"inLanguage\":\"de\"},{\"@type\":[\"Person\",\"Organization\"],\"@id\":\"https:\\\/\\\/pminterim.de\\\/#\\\/schema\\\/person\\\/4e09ce0c5c1806e7b940f88101e14c5b\",\"name\":\"webmaster\",\"image\":{\"@type\":\"ImageObject\",\"inLanguage\":\"de\",\"@id\":\"https:\\\/\\\/secure.gravatar.com\\\/avatar\\\/726f73f8832e95967974e3b6555f201819ac821eb3c7b42417b3bfcc35460d83?s=96&d=mm&r=g\",\"url\":\"https:\\\/\\\/secure.gravatar.com\\\/avatar\\\/726f73f8832e95967974e3b6555f201819ac821eb3c7b42417b3bfcc35460d83?s=96&d=mm&r=g\",\"contentUrl\":\"https:\\\/\\\/secure.gravatar.com\\\/avatar\\\/726f73f8832e95967974e3b6555f201819ac821eb3c7b42417b3bfcc35460d83?s=96&d=mm&r=g\",\"caption\":\"webmaster\"},\"logo\":{\"@id\":\"https:\\\/\\\/secure.gravatar.com\\\/avatar\\\/726f73f8832e95967974e3b6555f201819ac821eb3c7b42417b3bfcc35460d83?s=96&d=mm&r=g\"}}]}<\/script>\n<!-- \/ Yoast SEO plugin. -->","yoast_head_json":{"title":"Erfolg hat eine Basis: MACHEN. - PMinterim GmbH","robots":{"index":"index","follow":"follow","max-snippet":"max-snippet:-1","max-image-preview":"max-image-preview:large","max-video-preview":"max-video-preview:-1"},"canonical":"https:\/\/pminterim.de\/","twitter_card":"summary_large_image","twitter_title":"Erfolg hat eine Basis: MACHEN. - PMinterim GmbH","twitter_description":"Mehr als 20 Jahre Erfahrung General Manager mit Wurzeln inRead More","twitter_image":"https:\/\/pminterim.de\/wp-content\/uploads\/2020\/07\/Profilbild-III-PM_SW.jpeg","schema":{"@context":"https:\/\/schema.org","@graph":[{"@type":"WebPage","@id":"https:\/\/pminterim.de\/","url":"https:\/\/pminterim.de\/","name":"Erfolg hat eine Basis: MACHEN. - PMinterim GmbH","isPartOf":{"@id":"https:\/\/pminterim.de\/#website"},"primaryImageOfPage":{"@id":"https:\/\/pminterim.de\/#primaryimage"},"image":{"@id":"https:\/\/pminterim.de\/#primaryimage"},"thumbnailUrl":"https:\/\/pminterim.de\/wp-content\/uploads\/2020\/07\/Profilbild-III-PM_SW.jpeg","datePublished":"2020-07-09T12:14:28+00:00","dateModified":"2020-11-03T14:57:41+00:00","breadcrumb":{"@id":"https:\/\/pminterim.de\/#breadcrumb"},"inLanguage":"de","potentialAction":[{"@type":"ReadAction","target":["https:\/\/pminterim.de\/"]}]},{"@type":"ImageObject","inLanguage":"de","@id":"https:\/\/pminterim.de\/#primaryimage","url":"https:\/\/pminterim.de\/wp-content\/uploads\/2020\/07\/Profilbild-III-PM_SW.jpeg","contentUrl":"https:\/\/pminterim.de\/wp-content\/uploads\/2020\/07\/Profilbild-III-PM_SW.jpeg","width":664,"height":696},{"@type":"BreadcrumbList","@id":"https:\/\/pminterim.de\/#breadcrumb","itemListElement":[{"@type":"ListItem","position":1,"name":"Startseite","item":"https:\/\/pminterim.de\/"},{"@type":"ListItem","position":2,"name":"Erfolg hat eine Basis: MACHEN."}]},{"@type":"WebSite","@id":"https:\/\/pminterim.de\/#website","url":"https:\/\/pminterim.de\/","name":"PMinterim GmbH","description":"Interim Management | Transformation | Consulting","publisher":{"@id":"https:\/\/pminterim.de\/#\/schema\/person\/4e09ce0c5c1806e7b940f88101e14c5b"},"potentialAction":[{"@type":"SearchAction","target":{"@type":"EntryPoint","urlTemplate":"https:\/\/pminterim.de\/?s={search_term_string}"},"query-input":{"@type":"PropertyValueSpecification","valueRequired":true,"valueName":"search_term_string"}}],"inLanguage":"de"},{"@type":["Person","Organization"],"@id":"https:\/\/pminterim.de\/#\/schema\/person\/4e09ce0c5c1806e7b940f88101e14c5b","name":"webmaster","image":{"@type":"ImageObject","inLanguage":"de","@id":"https:\/\/secure.gravatar.com\/avatar\/726f73f8832e95967974e3b6555f201819ac821eb3c7b42417b3bfcc35460d83?s=96&d=mm&r=g","url":"https:\/\/secure.gravatar.com\/avatar\/726f73f8832e95967974e3b6555f201819ac821eb3c7b42417b3bfcc35460d83?s=96&d=mm&r=g","contentUrl":"https:\/\/secure.gravatar.com\/avatar\/726f73f8832e95967974e3b6555f201819ac821eb3c7b42417b3bfcc35460d83?s=96&d=mm&r=g","caption":"webmaster"},"logo":{"@id":"https:\/\/secure.gravatar.com\/avatar\/726f73f8832e95967974e3b6555f201819ac821eb3c7b42417b3bfcc35460d83?s=96&d=mm&r=g"}}]}},"_links":{"self":[{"href":"https:\/\/pminterim.de\/index.php?rest_route=\/wp\/v2\/pages\/217","targetHints":{"allow":["GET"]}}],"collection":[{"href":"https:\/\/pminterim.de\/index.php?rest_route=\/wp\/v2\/pages"}],"about":[{"href":"https:\/\/pminterim.de\/index.php?rest_route=\/wp\/v2\/types\/page"}],"author":[{"embeddable":true,"href":"https:\/\/pminterim.de\/index.php?rest_route=\/wp\/v2\/users\/1"}],"replies":[{"embeddable":true,"href":"https:\/\/pminterim.de\/index.php?rest_route=%2Fwp%2Fv2%2Fcomments&post=217"}],"version-history":[{"count":90,"href":"https:\/\/pminterim.de\/index.php?rest_route=\/wp\/v2\/pages\/217\/revisions"}],"predecessor-version":[{"id":1244,"href":"https:\/\/pminterim.de\/index.php?rest_route=\/wp\/v2\/pages\/217\/revisions\/1244"}],"wp:attachment":[{"href":"https:\/\/pminterim.de\/index.php?rest_route=%2Fwp%2Fv2%2Fmedia&parent=217"}],"curies":[{"name":"wp","href":"https:\/\/api.w.org\/{rel}","templated":true}]}}