{"id":1201,"date":"2020-11-03T16:45:25","date_gmt":"2020-11-03T14:45:25","guid":{"rendered":"https:\/\/pminterim.de\/?page_id=1201"},"modified":"2020-11-16T19:49:58","modified_gmt":"2020-11-16T17:49:58","slug":"executive-interim-management","status":"publish","type":"page","link":"https:\/\/pminterim.de\/?page_id=1201","title":{"rendered":"(Executive) Interim Management"},"content":{"rendered":"<div class=\"post-content\"><p class=\"fonts-plugin-block \" style=\"font-size: 17px !important;line-height: 1 !important;color: #656565 !important\">Es gibt unterschiedliche Anl\u00e4sse f\u00fcr die Entstehung von Vakanzen. Einige Beispiele k\u00f6nnen sein:<\/p>\n\n\n<ul class=\"wp-block-list\"><li>Unerwartete Neuorientierung Ihrer Leistungstr\u00e4ger<\/li><li>Notwendige Anpassungen Ihrer Organisation<\/li><li>Mangelndes Know How f\u00fcr die zeitnahe Umsetzung erforderlicher Optimierungsma\u00dfnahmen<\/li><li>Ver\u00e4nderungen in Ihren unternehmerischen Rahmenbedingungen, z.B. Einstieg eines neuen (aktivischen) Investors<\/li><\/ul>\n\n\n<p class=\"fonts-plugin-block \" style=\"font-size: 17px !important;line-height: 1.5 !important;color: #656565 !important\">Allen ist jedoch gemein, dass das flexible und zeitnahe Schlie\u00dfen der L\u00fccke erforderlich ist. Denn es gilt, Ihren Betrieb aufrecht zu erhalten, die identifizierten Potenziale aus der Optimierung zu heben und \/ oder das Vertrauen Ihrer Gesch\u00e4ftspartner zu rechtfertigen.<\/p>\n\n<p class=\"fonts-plugin-block \" style=\"font-size: 17px !important;line-height: 1.5 !important;color: #656565 !important\">Aufgrund meiner langj\u00e4hrigen T\u00e4tigkeit auf C-Level &#8211; sowohl in der Beratung als auch in der Industrie &#8211; in unterschiedlichen Eigent\u00fcmerstrukturen &#8211; vom Konzern bis zum inhabergef\u00fchrten Unternehmen &#8211; \u00fcberbr\u00fccke ich erfolgreich Ihre Vakanzen. Dabei ist meine Organstellung grunds\u00e4tzlich m\u00f6glich.<\/p>\n\n<p class=\"fonts-plugin-block \" style=\"font-size: 17px !important;line-height: 1.5 !important;color: #656565 !important\"><strong><a href=\"https:\/\/pminterim.de\/?page_id=1144\">Situationen<\/a><\/strong>, in denen ich erfolgreich meine Mandanten unterst\u00fctzte sind z.B.<\/p>\n\n\n<ul class=\"wp-block-list\" id=\"block-757a8bc8-e9a7-4a96-ba96-1ce2d116e5be\"><li>\u00dcberbr\u00fcckung Ihrer vakanten Schl\u00fcsselpositionen auf C-Level, z.B. CFO, COO<\/li><li>Besetzen operativer Positionen auf Bereichsleitungspositionen in den &#8218;erweiterten&#8216; kaufm\u00e4nnischen Funktionen (v.a. Finanzen, Controlling, Einkauf, Supply Chain, Verkauf, IT, HR, Organisation) <\/li><li>Entlastung Ihrer Schl\u00fcsselmitarbeiter durch \u00dcbernahme von klar definierte Aufgaben bzw. Funktionen und oder Projekten (quasi &#8217;shadowing&#8216;)<\/li><li>Definition und Umsetzen von Performance Improvement \/ Operational Excellence-Ma\u00dfnahmen in den &#8218;erweiterten&#8216; kaufm\u00e4nnischen Funktionen (v.a. Finanzen, Einkauf, Supply Chain, Verkauf, IT, HR, Organisation)<\/li><li>Zielgerichtetes Management Ihrer Transformation<\/li><\/ul>\n\n\n<\/div>","protected":false},"excerpt":{"rendered":"<p>Unerwartete Neuorientierung Ihrer Leistungstr\u00e4ger Notwendige Anpassungen Ihrer Organisation Mangelndes Know<a href=\"https:\/\/pminterim.de\/?page_id=1201\">Read More<i class=\"fa fa-long-arrow-right\" aria-hidden=\"true\"><\/i><\/a><\/p>\n","protected":false},"author":1,"featured_media":0,"parent":0,"menu_order":0,"comment_status":"closed","ping_status":"closed","template":"","meta":{"footnotes":""},"class_list":["post-1201","page","type-page","status-publish","hentry"],"yoast_head":"<!-- This site is optimized with the Yoast SEO plugin v27.4 - https:\/\/yoast.com\/product\/yoast-seo-wordpress\/ -->\n<title>(Executive) Interim Management - PMinterim GmbH<\/title>\n<meta name=\"robots\" content=\"index, follow, max-snippet:-1, max-image-preview:large, max-video-preview:-1\" \/>\n<link rel=\"canonical\" href=\"https:\/\/pminterim.de\/?page_id=1201\" \/>\n<meta name=\"twitter:card\" content=\"summary_large_image\" \/>\n<meta name=\"twitter:title\" content=\"(Executive) Interim Management - PMinterim GmbH\" \/>\n<meta name=\"twitter:description\" content=\"Unerwartete Neuorientierung Ihrer Leistungstr\u00e4ger Notwendige Anpassungen Ihrer Organisation Mangelndes KnowRead More\" \/>\n<meta name=\"twitter:label1\" content=\"Gesch\u00e4tzte Lesezeit\" \/>\n\t<meta name=\"twitter:data1\" content=\"1\u00a0Minute\" \/>\n<script type=\"application\/ld+json\" class=\"yoast-schema-graph\">{\"@context\":\"https:\\\/\\\/schema.org\",\"@graph\":[{\"@type\":\"WebPage\",\"@id\":\"https:\\\/\\\/pminterim.de\\\/?page_id=1201\",\"url\":\"https:\\\/\\\/pminterim.de\\\/?page_id=1201\",\"name\":\"(Executive) Interim Management - PMinterim GmbH\",\"isPartOf\":{\"@id\":\"https:\\\/\\\/pminterim.de\\\/#website\"},\"datePublished\":\"2020-11-03T14:45:25+00:00\",\"dateModified\":\"2020-11-16T17:49:58+00:00\",\"breadcrumb\":{\"@id\":\"https:\\\/\\\/pminterim.de\\\/?page_id=1201#breadcrumb\"},\"inLanguage\":\"de\",\"potentialAction\":[{\"@type\":\"ReadAction\",\"target\":[\"https:\\\/\\\/pminterim.de\\\/?page_id=1201\"]}]},{\"@type\":\"BreadcrumbList\",\"@id\":\"https:\\\/\\\/pminterim.de\\\/?page_id=1201#breadcrumb\",\"itemListElement\":[{\"@type\":\"ListItem\",\"position\":1,\"name\":\"Startseite\",\"item\":\"https:\\\/\\\/pminterim.de\\\/\"},{\"@type\":\"ListItem\",\"position\":2,\"name\":\"(Executive) Interim Management\"}]},{\"@type\":\"WebSite\",\"@id\":\"https:\\\/\\\/pminterim.de\\\/#website\",\"url\":\"https:\\\/\\\/pminterim.de\\\/\",\"name\":\"PMinterim GmbH\",\"description\":\"Interim Management | Transformation | Consulting\",\"publisher\":{\"@id\":\"https:\\\/\\\/pminterim.de\\\/#\\\/schema\\\/person\\\/4e09ce0c5c1806e7b940f88101e14c5b\"},\"potentialAction\":[{\"@type\":\"SearchAction\",\"target\":{\"@type\":\"EntryPoint\",\"urlTemplate\":\"https:\\\/\\\/pminterim.de\\\/?s={search_term_string}\"},\"query-input\":{\"@type\":\"PropertyValueSpecification\",\"valueRequired\":true,\"valueName\":\"search_term_string\"}}],\"inLanguage\":\"de\"},{\"@type\":[\"Person\",\"Organization\"],\"@id\":\"https:\\\/\\\/pminterim.de\\\/#\\\/schema\\\/person\\\/4e09ce0c5c1806e7b940f88101e14c5b\",\"name\":\"webmaster\",\"image\":{\"@type\":\"ImageObject\",\"inLanguage\":\"de\",\"@id\":\"https:\\\/\\\/secure.gravatar.com\\\/avatar\\\/726f73f8832e95967974e3b6555f201819ac821eb3c7b42417b3bfcc35460d83?s=96&d=mm&r=g\",\"url\":\"https:\\\/\\\/secure.gravatar.com\\\/avatar\\\/726f73f8832e95967974e3b6555f201819ac821eb3c7b42417b3bfcc35460d83?s=96&d=mm&r=g\",\"contentUrl\":\"https:\\\/\\\/secure.gravatar.com\\\/avatar\\\/726f73f8832e95967974e3b6555f201819ac821eb3c7b42417b3bfcc35460d83?s=96&d=mm&r=g\",\"caption\":\"webmaster\"},\"logo\":{\"@id\":\"https:\\\/\\\/secure.gravatar.com\\\/avatar\\\/726f73f8832e95967974e3b6555f201819ac821eb3c7b42417b3bfcc35460d83?s=96&d=mm&r=g\"}}]}<\/script>\n<!-- \/ Yoast SEO plugin. -->","yoast_head_json":{"title":"(Executive) Interim Management - PMinterim GmbH","robots":{"index":"index","follow":"follow","max-snippet":"max-snippet:-1","max-image-preview":"max-image-preview:large","max-video-preview":"max-video-preview:-1"},"canonical":"https:\/\/pminterim.de\/?page_id=1201","twitter_card":"summary_large_image","twitter_title":"(Executive) Interim Management - PMinterim GmbH","twitter_description":"Unerwartete Neuorientierung Ihrer Leistungstr\u00e4ger Notwendige Anpassungen Ihrer Organisation Mangelndes KnowRead More","twitter_misc":{"Gesch\u00e4tzte Lesezeit":"1\u00a0Minute"},"schema":{"@context":"https:\/\/schema.org","@graph":[{"@type":"WebPage","@id":"https:\/\/pminterim.de\/?page_id=1201","url":"https:\/\/pminterim.de\/?page_id=1201","name":"(Executive) Interim Management - PMinterim GmbH","isPartOf":{"@id":"https:\/\/pminterim.de\/#website"},"datePublished":"2020-11-03T14:45:25+00:00","dateModified":"2020-11-16T17:49:58+00:00","breadcrumb":{"@id":"https:\/\/pminterim.de\/?page_id=1201#breadcrumb"},"inLanguage":"de","potentialAction":[{"@type":"ReadAction","target":["https:\/\/pminterim.de\/?page_id=1201"]}]},{"@type":"BreadcrumbList","@id":"https:\/\/pminterim.de\/?page_id=1201#breadcrumb","itemListElement":[{"@type":"ListItem","position":1,"name":"Startseite","item":"https:\/\/pminterim.de\/"},{"@type":"ListItem","position":2,"name":"(Executive) Interim Management"}]},{"@type":"WebSite","@id":"https:\/\/pminterim.de\/#website","url":"https:\/\/pminterim.de\/","name":"PMinterim GmbH","description":"Interim Management | Transformation | Consulting","publisher":{"@id":"https:\/\/pminterim.de\/#\/schema\/person\/4e09ce0c5c1806e7b940f88101e14c5b"},"potentialAction":[{"@type":"SearchAction","target":{"@type":"EntryPoint","urlTemplate":"https:\/\/pminterim.de\/?s={search_term_string}"},"query-input":{"@type":"PropertyValueSpecification","valueRequired":true,"valueName":"search_term_string"}}],"inLanguage":"de"},{"@type":["Person","Organization"],"@id":"https:\/\/pminterim.de\/#\/schema\/person\/4e09ce0c5c1806e7b940f88101e14c5b","name":"webmaster","image":{"@type":"ImageObject","inLanguage":"de","@id":"https:\/\/secure.gravatar.com\/avatar\/726f73f8832e95967974e3b6555f201819ac821eb3c7b42417b3bfcc35460d83?s=96&d=mm&r=g","url":"https:\/\/secure.gravatar.com\/avatar\/726f73f8832e95967974e3b6555f201819ac821eb3c7b42417b3bfcc35460d83?s=96&d=mm&r=g","contentUrl":"https:\/\/secure.gravatar.com\/avatar\/726f73f8832e95967974e3b6555f201819ac821eb3c7b42417b3bfcc35460d83?s=96&d=mm&r=g","caption":"webmaster"},"logo":{"@id":"https:\/\/secure.gravatar.com\/avatar\/726f73f8832e95967974e3b6555f201819ac821eb3c7b42417b3bfcc35460d83?s=96&d=mm&r=g"}}]}},"_links":{"self":[{"href":"https:\/\/pminterim.de\/index.php?rest_route=\/wp\/v2\/pages\/1201","targetHints":{"allow":["GET"]}}],"collection":[{"href":"https:\/\/pminterim.de\/index.php?rest_route=\/wp\/v2\/pages"}],"about":[{"href":"https:\/\/pminterim.de\/index.php?rest_route=\/wp\/v2\/types\/page"}],"author":[{"embeddable":true,"href":"https:\/\/pminterim.de\/index.php?rest_route=\/wp\/v2\/users\/1"}],"replies":[{"embeddable":true,"href":"https:\/\/pminterim.de\/index.php?rest_route=%2Fwp%2Fv2%2Fcomments&post=1201"}],"version-history":[{"count":24,"href":"https:\/\/pminterim.de\/index.php?rest_route=\/wp\/v2\/pages\/1201\/revisions"}],"predecessor-version":[{"id":1282,"href":"https:\/\/pminterim.de\/index.php?rest_route=\/wp\/v2\/pages\/1201\/revisions\/1282"}],"wp:attachment":[{"href":"https:\/\/pminterim.de\/index.php?rest_route=%2Fwp%2Fv2%2Fmedia&parent=1201"}],"curies":[{"name":"wp","href":"https:\/\/api.w.org\/{rel}","templated":true}]}}