{"id":1144,"date":"2020-11-02T17:10:30","date_gmt":"2020-11-02T15:10:30","guid":{"rendered":"https:\/\/pminterim.de\/?page_id=1144"},"modified":"2020-11-20T09:49:25","modified_gmt":"2020-11-20T07:49:25","slug":"meine-schwerpunkte-auf-einen-blick","status":"publish","type":"page","link":"https:\/\/pminterim.de\/?page_id=1144","title":{"rendered":"Meine Schwerpunkte auf einen Blick"},"content":{"rendered":"<div class=\"post-content\">\n<h4 class=\"wp-block-heading\">Meine wesentlichen F\u00fchrungserfahrungen:<\/h4>\n\n\n\n<div class=\"wp-block-columns is-layout-flex wp-container-core-columns-is-layout-9d6595d7 wp-block-columns-is-layout-flex\">\n<div class=\"wp-block-column is-layout-flow wp-block-column-is-layout-flow\">\n<div id=\"section-g7c5f08\" class=\"wp-block-gutentor-e9 section-g7c5f08 gutentor-element gutentor-element-progressbar\"><div class=\"gutentor-element-progressbar-box\"><div class=\"gutentor-element-progressbar-horizontal-wrap\"><span class=\"gutentor-element-progressbar-horizontal striped\" data-width=\"100\"><\/span><\/div><\/div><\/div>\n\n\n<p class=\"fonts-plugin-block \" style=\"font-size: 15px !important;line-height: 1.5 !important;text-align: center !important;color: #656565 !important\"><strong>General Management<\/strong><\/p>\n\n\n<section id=\"section-2522d6f7-4241-42e6-b179-b38a0eb5c485\" class=\"wp-block-gutentor-accordion gutentor-section gutentor-accordion-wrapper accordion-template1\"><div class=\"grid-container\"><div class=\"grid-row gutentor-grid-item-wrap\"><div class=\"grid-md-12\"><div class=\"gutentor-accordion-wrap\"><div class=\"gutentor-single-item gutentor-single-item-0\"><div class=\"gutentor-single-item-wrap\"><div class=\"gutentor-accordion-heading\"><i class=\"gutentor-accordion-icon open-icon fas fa-plus\"><\/i><i class=\"gutentor-accordion-icon close-icon fas fa-minus\"><\/i><\/div><div class=\"gutentor-accordion-body\"><p class=\"gutentor-single-item-desc\">Ganzheitliches Management Ihres Unternehmens, einzelner Business Units oder Funktionen gemeinsam mit Ihrem Management Team<br><br>Meine F\u00fchrung erfolgt ausschlie\u00dflich gem\u00e4\u00df Ihrer Zielsetzung<br><br>Wir halten stets engen Kontakt &#8211; w\u00e4hrend Ihrer Transformation oder bei der \u00dcberbr\u00fcckung Ihrer Vakanzen<br><br>Meine Maxime: \u00fcberlegtes Machen schafft Erfolg<\/p><\/div><\/div><\/div><\/div><\/div><\/div><\/div><\/section>\n<\/div>\n\n\n\n<div class=\"wp-block-column is-layout-flow wp-block-column-is-layout-flow\">\n<div id=\"section-ga04400\" class=\"wp-block-gutentor-e9 section-ga04400 gutentor-element gutentor-element-progressbar\"><div class=\"gutentor-element-progressbar-box\"><div class=\"gutentor-element-progressbar-horizontal-wrap\"><span class=\"gutentor-element-progressbar-horizontal striped\" data-width=\"100\"><\/span><\/div><\/div><\/div>\n\n\n<p class=\"fonts-plugin-block \" style=\"font-size: 15px !important;line-height: 1.5 !important;text-align: center !important;color: #656565 !important\"><strong>CFO Office<\/strong><\/p>\n\n\n<section id=\"section-dabcfc40-5523-4332-ba78-a7a2cd3d8280\" class=\"wp-block-gutentor-accordion gutentor-section gutentor-accordion-wrapper accordion-template1\"><div class=\"grid-container\"><div class=\"grid-row gutentor-grid-item-wrap\"><div class=\"grid-md-12\"><div class=\"gutentor-accordion-wrap\"><div class=\"gutentor-single-item gutentor-single-item-0\"><div class=\"gutentor-single-item-wrap\"><div class=\"gutentor-accordion-heading\"><i class=\"gutentor-accordion-icon open-icon fas fa-plus\"><\/i><i class=\"gutentor-accordion-icon close-icon fas fa-minus\"><\/i><\/div><div class=\"gutentor-accordion-body\"><p class=\"gutentor-single-item-desc\">F\u00fchrung und Weiterentwicklung Ihrer kaufm\u00e4nnischen Funktionen<br><br>Mein Fokus liegt auf Ihren zentralen Funktionen, v.a. Finance &amp; Controlling, HR, Stammdaten, IT, Stammdaten, Einkauf, Verkaufsmanagement<br><br>Von der Strategie bis zur Umsetzung: Optimierung Ihrer funktionalen Betriebsmodelle (d.h. Prozesse, Systeme, Strukturen und Ressourcen, Mind Set)<\/p><\/div><\/div><\/div><\/div><\/div><\/div><\/div><\/section>\n<\/div>\n\n\n\n<div class=\"wp-block-column is-layout-flow wp-block-column-is-layout-flow\">\n<div id=\"section-g86d716\" class=\"wp-block-gutentor-e9 section-g86d716 gutentor-element gutentor-element-progressbar\"><div class=\"gutentor-element-progressbar-box\"><div class=\"gutentor-element-progressbar-horizontal-wrap\"><span class=\"gutentor-element-progressbar-horizontal striped\" data-width=\"100\"><\/span><\/div><\/div><\/div>\n\n\n<p class=\"fonts-plugin-block \" style=\"font-size: 15px !important;line-height: 1.5 !important;text-align: center !important;color: #656565 !important\"><strong>Turnaround &amp; Restructuring<\/strong><\/p>\n\n\n<section id=\"section-735dbbd7-e5eb-4f6e-8831-ee48d70f5794\" class=\"wp-block-gutentor-accordion gutentor-section gutentor-accordion-wrapper accordion-template1\"><div class=\"grid-container\"><div class=\"grid-row gutentor-grid-item-wrap\"><div class=\"grid-md-12\"><div class=\"gutentor-accordion-wrap\"><div class=\"gutentor-single-item gutentor-single-item-0\"><div class=\"gutentor-single-item-wrap\"><div class=\"gutentor-accordion-heading\"><i class=\"gutentor-accordion-icon open-icon fas fa-plus\"><\/i><i class=\"gutentor-accordion-icon close-icon fas fa-minus\"><\/i><\/div><div class=\"gutentor-accordion-body\"><p class=\"gutentor-single-item-desc\">Ausgehend von der Sicherung Ihrer Liquidit\u00e4t hin zur Wiederherstellung Ihrer Wettbewerbs-st\u00e4rke<br><br>Gemeinsam richten wir Ihr Gesch\u00e4fts- sowie Ihr Betriebsmodell auf das Wesentliche nachhaltig aus<br><br>Wie: konsequentes Wahrnehmen von Chancen und aktives Management der Risiken<br><br>Abdecken aller Aspekte Ihres Turnarounds (zertifizierter Sanierungs- und Restrukturierungsberater) <br><br>Umfangreiches Netzwerk an Spezialisten f\u00fcr besonderer Fragestellungen<\/p><\/div><\/div><\/div><\/div><\/div><\/div><\/div><\/section>\n<\/div>\n<\/div>\n\n\n\n<h4 class=\"wp-block-heading\">Meine begleiteten Transformationen &#8211; vom Konzept bis zur Ver\u00e4nderung Ihres Alltags:<\/h4>\n\n\n\n<div class=\"wp-block-columns is-layout-flex wp-container-core-columns-is-layout-9d6595d7 wp-block-columns-is-layout-flex\">\n<div class=\"wp-block-column is-layout-flow wp-block-column-is-layout-flow\">\n<div id=\"section-gcebfa4\" class=\"wp-block-gutentor-e9 section-gcebfa4 gutentor-element gutentor-element-progressbar\"><div class=\"gutentor-element-progressbar-box\"><div class=\"gutentor-element-progressbar-horizontal-wrap\"><span class=\"gutentor-element-progressbar-horizontal striped\" data-width=\"100\"><\/span><\/div><\/div><\/div>\n\n\n<p class=\"fonts-plugin-block \" style=\"font-size: 15px !important;line-height: 1.5 !important;text-align: center !important;color: #656565 !important\"><strong>Operational Excellence<\/strong><br><strong>&amp; Performance Improvement<\/strong><\/p>\n\n\n<section id=\"section-189eb1dd-d596-4d50-b4b6-c553366ea676\" class=\"wp-block-gutentor-accordion gutentor-section gutentor-accordion-wrapper accordion-template1\"><div class=\"grid-container\"><div class=\"grid-row gutentor-grid-item-wrap\"><div class=\"grid-md-12\"><div class=\"gutentor-accordion-wrap\"><div class=\"gutentor-single-item gutentor-single-item-0\"><div class=\"gutentor-single-item-wrap\"><div class=\"gutentor-accordion-heading\"><i class=\"gutentor-accordion-icon open-icon fas fa-plus\"><\/i><i class=\"gutentor-accordion-icon close-icon fas fa-minus\"><\/i><\/div><div class=\"gutentor-accordion-body\"><p class=\"gutentor-single-item-desc\">Optimierung Ihrer Kostenbasis durch konsequente Ausrichtung Ihres Betriebs- an Ihrem Gesch\u00e4ftsmodell &#8211; qualitativ und quantitativ<br><br>Zielgerichteter, kombinierter Einsatz der richtigen Methoden, z.B. Business Process Management, Digitalisierung, Organizational Design etc.<br><br>Schwerpunkt: CFO Office, Lean Administration und (global) Sourcing \/ Supply Chain<\/p><\/div><\/div><\/div><\/div><\/div><\/div><\/div><\/section>\n<\/div>\n\n\n\n<div class=\"wp-block-column is-layout-flow wp-block-column-is-layout-flow\">\n<div id=\"section-gec348f\" class=\"wp-block-gutentor-e9 section-gec348f gutentor-element gutentor-element-progressbar\"><div class=\"gutentor-element-progressbar-box\"><div class=\"gutentor-element-progressbar-horizontal-wrap\"><span class=\"gutentor-element-progressbar-horizontal striped\" data-width=\"100\"><\/span><\/div><\/div><\/div>\n\n\n<p class=\"fonts-plugin-block \" style=\"font-size: 15px !important;line-height: 1.5 !important;text-align: center !important;color: #656565 !important\"><strong>Post Merger Integration<\/strong><br><strong>&amp; Carve Out Management<\/strong><\/p>\n\n\n<section id=\"section-40b28116-c497-4c64-a940-7516b5f30c03\" class=\"wp-block-gutentor-accordion gutentor-section gutentor-accordion-wrapper accordion-template1\"><div class=\"grid-container\"><div class=\"grid-row gutentor-grid-item-wrap\"><div class=\"grid-md-12\"><div class=\"gutentor-accordion-wrap\"><div class=\"gutentor-single-item gutentor-single-item-0\"><div class=\"gutentor-single-item-wrap\"><div class=\"gutentor-accordion-heading\"><i class=\"gutentor-accordion-icon open-icon fas fa-plus\"><\/i><i class=\"gutentor-accordion-icon close-icon fas fa-minus\"><\/i><\/div><div class=\"gutentor-accordion-body\"><p class=\"gutentor-single-item-desc\">Minimalziel im PMI Umfeld:<br>Realisierung der geplanten Synergien<br><br>Wie: zukunftsrobuste Organisation der gemeinsamen Funktionen<br><br>Stand Alone Readiness:<br>Vom Sichern Ihrer Funktionsf\u00e4higkeit am Day 1 bis hin zu Ihrem neuen, schlanken Operating Model<br><br>Aktives Covenant- und Performance Management mittels eines fokussierten und integrierten Reportings<\/p><\/div><\/div><\/div><\/div><\/div><\/div><\/div><\/section>\n<\/div>\n\n\n\n<div class=\"wp-block-column is-layout-flow wp-block-column-is-layout-flow\">\n<div id=\"section-g81396f\" class=\"wp-block-gutentor-e9 section-g81396f gutentor-element gutentor-element-progressbar\"><div class=\"gutentor-element-progressbar-box\"><div class=\"gutentor-element-progressbar-horizontal-wrap\"><span class=\"gutentor-element-progressbar-horizontal striped\" data-width=\"100\"><\/span><\/div><\/div><\/div>\n\n\n<p class=\"fonts-plugin-block \" style=\"font-size: 15px !important;line-height: 1.5 !important;text-align: center !important;color: #656565 !important\"><br><strong>Change Management<\/strong><\/p>\n\n\n<section id=\"section-de96edbc-9ee9-4a02-9098-2a2c329f54da\" class=\"wp-block-gutentor-accordion gutentor-section gutentor-accordion-wrapper accordion-template1\"><div class=\"grid-container\"><div class=\"grid-row gutentor-grid-item-wrap\"><div class=\"grid-md-12\"><div class=\"gutentor-accordion-wrap\"><div class=\"gutentor-single-item gutentor-single-item-0\"><div class=\"gutentor-single-item-wrap\"><div class=\"gutentor-accordion-heading\"><i class=\"gutentor-accordion-icon open-icon fas fa-plus\"><\/i><i class=\"gutentor-accordion-icon close-icon fas fa-minus\"><\/i><\/div><div class=\"gutentor-accordion-body\"><p class=\"gutentor-single-item-desc\">Machen hei\u00dft ver\u00e4ndern<br><br>Betroffene zu Beteiligten machen: Einbindung Ihrer Mitarbeiter in den Wandel schafft Identifikation<br><br>Auftretende Konflikte bewusst annehmen, moderieren, l\u00f6sen und kanalisieren<br><br>Basis: Konzertierte Kommunikation. Erfolge \u00f6ffentlich machen und feiern<br><br>Mehr als Lessons Learnt \u2013 nur eine gelebte kvP-Organisation schafft Nachhaltigkeit<\/p><\/div><\/div><\/div><\/div><\/div><\/div><\/div><\/section>\n<\/div>\n<\/div>\n<\/div>","protected":false},"excerpt":{"rendered":"<p>Meine wesentlichen F\u00fchrungserfahrungen: Meine begleiteten Transformationen &#8211; vom Konzept bis<a href=\"https:\/\/pminterim.de\/?page_id=1144\">Read More<i class=\"fa fa-long-arrow-right\" aria-hidden=\"true\"><\/i><\/a><\/p>\n","protected":false},"author":1,"featured_media":0,"parent":0,"menu_order":0,"comment_status":"closed","ping_status":"closed","template":"","meta":{"footnotes":""},"class_list":["post-1144","page","type-page","status-publish","hentry"],"yoast_head":"<!-- This site is optimized with the Yoast SEO plugin v27.5 - https:\/\/yoast.com\/product\/yoast-seo-wordpress\/ -->\n<title>Meine Schwerpunkte auf einen Blick - PMinterim GmbH<\/title>\n<meta name=\"description\" content=\"Turnaround, Restrukturierung, Interim Management, \u00dcberlegtes Machen, Ver\u00e4ndern\" \/>\n<meta name=\"robots\" content=\"index, follow, max-snippet:-1, max-image-preview:large, max-video-preview:-1\" \/>\n<link rel=\"canonical\" href=\"https:\/\/pminterim.de\/?page_id=1144\" \/>\n<meta name=\"twitter:card\" content=\"summary_large_image\" \/>\n<meta name=\"twitter:title\" content=\"Meine Schwerpunkte auf einen Blick - PMinterim GmbH\" \/>\n<meta name=\"twitter:description\" content=\"Turnaround, Restrukturierung, Interim Management, \u00dcberlegtes Machen, Ver\u00e4ndern\" \/>\n<meta name=\"twitter:label1\" content=\"Gesch\u00e4tzte Lesezeit\" \/>\n\t<meta name=\"twitter:data1\" content=\"1\u00a0Minute\" \/>\n<script type=\"application\/ld+json\" class=\"yoast-schema-graph\">{\"@context\":\"https:\\\/\\\/schema.org\",\"@graph\":[{\"@type\":[\"WebPage\",\"ProfilePage\"],\"@id\":\"https:\\\/\\\/pminterim.de\\\/?page_id=1144\",\"url\":\"https:\\\/\\\/pminterim.de\\\/?page_id=1144\",\"name\":\"Meine Schwerpunkte auf einen Blick - PMinterim GmbH\",\"isPartOf\":{\"@id\":\"https:\\\/\\\/pminterim.de\\\/#website\"},\"datePublished\":\"2020-11-02T15:10:30+00:00\",\"dateModified\":\"2020-11-20T07:49:25+00:00\",\"description\":\"Turnaround, Restrukturierung, Interim Management, \u00dcberlegtes Machen, Ver\u00e4ndern\",\"breadcrumb\":{\"@id\":\"https:\\\/\\\/pminterim.de\\\/?page_id=1144#breadcrumb\"},\"inLanguage\":\"de\",\"potentialAction\":[{\"@type\":\"ReadAction\",\"target\":[\"https:\\\/\\\/pminterim.de\\\/?page_id=1144\"]}]},{\"@type\":\"BreadcrumbList\",\"@id\":\"https:\\\/\\\/pminterim.de\\\/?page_id=1144#breadcrumb\",\"itemListElement\":[{\"@type\":\"ListItem\",\"position\":1,\"name\":\"Startseite\",\"item\":\"https:\\\/\\\/pminterim.de\\\/\"},{\"@type\":\"ListItem\",\"position\":2,\"name\":\"Meine Schwerpunkte auf einen Blick\"}]},{\"@type\":\"WebSite\",\"@id\":\"https:\\\/\\\/pminterim.de\\\/#website\",\"url\":\"https:\\\/\\\/pminterim.de\\\/\",\"name\":\"PMinterim GmbH\",\"description\":\"Interim Management | Transformation | Consulting\",\"publisher\":{\"@id\":\"https:\\\/\\\/pminterim.de\\\/#\\\/schema\\\/person\\\/4e09ce0c5c1806e7b940f88101e14c5b\"},\"potentialAction\":[{\"@type\":\"SearchAction\",\"target\":{\"@type\":\"EntryPoint\",\"urlTemplate\":\"https:\\\/\\\/pminterim.de\\\/?s={search_term_string}\"},\"query-input\":{\"@type\":\"PropertyValueSpecification\",\"valueRequired\":true,\"valueName\":\"search_term_string\"}}],\"inLanguage\":\"de\"},{\"@type\":[\"Person\",\"Organization\"],\"@id\":\"https:\\\/\\\/pminterim.de\\\/#\\\/schema\\\/person\\\/4e09ce0c5c1806e7b940f88101e14c5b\",\"name\":\"webmaster\",\"image\":{\"@type\":\"ImageObject\",\"inLanguage\":\"de\",\"@id\":\"https:\\\/\\\/secure.gravatar.com\\\/avatar\\\/726f73f8832e95967974e3b6555f201819ac821eb3c7b42417b3bfcc35460d83?s=96&d=mm&r=g\",\"url\":\"https:\\\/\\\/secure.gravatar.com\\\/avatar\\\/726f73f8832e95967974e3b6555f201819ac821eb3c7b42417b3bfcc35460d83?s=96&d=mm&r=g\",\"contentUrl\":\"https:\\\/\\\/secure.gravatar.com\\\/avatar\\\/726f73f8832e95967974e3b6555f201819ac821eb3c7b42417b3bfcc35460d83?s=96&d=mm&r=g\",\"caption\":\"webmaster\"},\"logo\":{\"@id\":\"https:\\\/\\\/secure.gravatar.com\\\/avatar\\\/726f73f8832e95967974e3b6555f201819ac821eb3c7b42417b3bfcc35460d83?s=96&d=mm&r=g\"},\"mainEntityOfPage\":{\"@id\":\"https:\\\/\\\/pminterim.de\\\/?page_id=1144\"}}]}<\/script>\n<!-- \/ Yoast SEO plugin. -->","yoast_head_json":{"title":"Meine Schwerpunkte auf einen Blick - PMinterim GmbH","description":"Turnaround, Restrukturierung, Interim Management, \u00dcberlegtes Machen, Ver\u00e4ndern","robots":{"index":"index","follow":"follow","max-snippet":"max-snippet:-1","max-image-preview":"max-image-preview:large","max-video-preview":"max-video-preview:-1"},"canonical":"https:\/\/pminterim.de\/?page_id=1144","twitter_card":"summary_large_image","twitter_title":"Meine Schwerpunkte auf einen Blick - PMinterim GmbH","twitter_description":"Turnaround, Restrukturierung, Interim Management, \u00dcberlegtes Machen, Ver\u00e4ndern","twitter_misc":{"Gesch\u00e4tzte Lesezeit":"1\u00a0Minute"},"schema":{"@context":"https:\/\/schema.org","@graph":[{"@type":["WebPage","ProfilePage"],"@id":"https:\/\/pminterim.de\/?page_id=1144","url":"https:\/\/pminterim.de\/?page_id=1144","name":"Meine Schwerpunkte auf einen Blick - PMinterim GmbH","isPartOf":{"@id":"https:\/\/pminterim.de\/#website"},"datePublished":"2020-11-02T15:10:30+00:00","dateModified":"2020-11-20T07:49:25+00:00","description":"Turnaround, Restrukturierung, Interim Management, \u00dcberlegtes Machen, Ver\u00e4ndern","breadcrumb":{"@id":"https:\/\/pminterim.de\/?page_id=1144#breadcrumb"},"inLanguage":"de","potentialAction":[{"@type":"ReadAction","target":["https:\/\/pminterim.de\/?page_id=1144"]}]},{"@type":"BreadcrumbList","@id":"https:\/\/pminterim.de\/?page_id=1144#breadcrumb","itemListElement":[{"@type":"ListItem","position":1,"name":"Startseite","item":"https:\/\/pminterim.de\/"},{"@type":"ListItem","position":2,"name":"Meine Schwerpunkte auf einen Blick"}]},{"@type":"WebSite","@id":"https:\/\/pminterim.de\/#website","url":"https:\/\/pminterim.de\/","name":"PMinterim GmbH","description":"Interim Management | Transformation | Consulting","publisher":{"@id":"https:\/\/pminterim.de\/#\/schema\/person\/4e09ce0c5c1806e7b940f88101e14c5b"},"potentialAction":[{"@type":"SearchAction","target":{"@type":"EntryPoint","urlTemplate":"https:\/\/pminterim.de\/?s={search_term_string}"},"query-input":{"@type":"PropertyValueSpecification","valueRequired":true,"valueName":"search_term_string"}}],"inLanguage":"de"},{"@type":["Person","Organization"],"@id":"https:\/\/pminterim.de\/#\/schema\/person\/4e09ce0c5c1806e7b940f88101e14c5b","name":"webmaster","image":{"@type":"ImageObject","inLanguage":"de","@id":"https:\/\/secure.gravatar.com\/avatar\/726f73f8832e95967974e3b6555f201819ac821eb3c7b42417b3bfcc35460d83?s=96&d=mm&r=g","url":"https:\/\/secure.gravatar.com\/avatar\/726f73f8832e95967974e3b6555f201819ac821eb3c7b42417b3bfcc35460d83?s=96&d=mm&r=g","contentUrl":"https:\/\/secure.gravatar.com\/avatar\/726f73f8832e95967974e3b6555f201819ac821eb3c7b42417b3bfcc35460d83?s=96&d=mm&r=g","caption":"webmaster"},"logo":{"@id":"https:\/\/secure.gravatar.com\/avatar\/726f73f8832e95967974e3b6555f201819ac821eb3c7b42417b3bfcc35460d83?s=96&d=mm&r=g"},"mainEntityOfPage":{"@id":"https:\/\/pminterim.de\/?page_id=1144"}}]}},"_links":{"self":[{"href":"https:\/\/pminterim.de\/index.php?rest_route=\/wp\/v2\/pages\/1144","targetHints":{"allow":["GET"]}}],"collection":[{"href":"https:\/\/pminterim.de\/index.php?rest_route=\/wp\/v2\/pages"}],"about":[{"href":"https:\/\/pminterim.de\/index.php?rest_route=\/wp\/v2\/types\/page"}],"author":[{"embeddable":true,"href":"https:\/\/pminterim.de\/index.php?rest_route=\/wp\/v2\/users\/1"}],"replies":[{"embeddable":true,"href":"https:\/\/pminterim.de\/index.php?rest_route=%2Fwp%2Fv2%2Fcomments&post=1144"}],"version-history":[{"count":36,"href":"https:\/\/pminterim.de\/index.php?rest_route=\/wp\/v2\/pages\/1144\/revisions"}],"predecessor-version":[{"id":1284,"href":"https:\/\/pminterim.de\/index.php?rest_route=\/wp\/v2\/pages\/1144\/revisions\/1284"}],"wp:attachment":[{"href":"https:\/\/pminterim.de\/index.php?rest_route=%2Fwp%2Fv2%2Fmedia&parent=1144"}],"curies":[{"name":"wp","href":"https:\/\/api.w.org\/{rel}","templated":true}]}}